{"id":9633,"date":"2022-08-25T13:05:42","date_gmt":"2022-08-25T13:05:42","guid":{"rendered":"https:\/\/mamibacare.comelle-voyage\/"},"modified":"2024-11-26T09:11:58","modified_gmt":"2024-11-26T09:11:58","slug":"elle-voyage","status":"publish","type":"page","link":"https:\/\/mamibacare.com\/fr\/elle-voyage\/","title":{"rendered":"ELLE Voyage"},"content":{"rendered":"\t\t<div data-elementor-type=\"wp-page\" data-elementor-id=\"9633\" class=\"elementor elementor-9633 elementor-1293\">\n\t\t\t\t\t\t<section class=\"elementor-section elementor-top-section elementor-element elementor-element-3d43012 elementor-section-boxed elementor-section-height-default elementor-section-height-default\" data-id=\"3d43012\" data-element_type=\"section\" data-e-type=\"section\" data-settings=\"{&quot;jet_parallax_layout_list&quot;:[]}\">\n\t\t\t\t\t\t<div class=\"elementor-container elementor-column-gap-default\">\n\t\t\t\t\t<div class=\"elementor-column elementor-col-100 elementor-top-column elementor-element elementor-element-511b432\" data-id=\"511b432\" data-element_type=\"column\" data-e-type=\"column\">\n\t\t\t<div class=\"elementor-widget-wrap elementor-element-populated\">\n\t\t\t\t\t\t<div class=\"elementor-element elementor-element-86bd9b6 elementor-widget elementor-widget-image-carousel\" data-id=\"86bd9b6\" data-element_type=\"widget\" data-e-type=\"widget\" data-settings=\"{&quot;slides_to_show&quot;:&quot;1&quot;,&quot;navigation&quot;:&quot;none&quot;,&quot;autoplay&quot;:&quot;yes&quot;,&quot;pause_on_hover&quot;:&quot;yes&quot;,&quot;pause_on_interaction&quot;:&quot;yes&quot;,&quot;autoplay_speed&quot;:5000,&quot;infinite&quot;:&quot;yes&quot;,&quot;effect&quot;:&quot;slide&quot;,&quot;speed&quot;:500}\" data-widget_type=\"image-carousel.default\">\n\t\t\t\t\t\t\t<div class=\"elementor-image-carousel-wrapper swiper\" role=\"region\" aria-roledescription=\"carousel\" aria-label=\"Image Carousel\" dir=\"ltr\">\n\t\t\t<div class=\"elementor-image-carousel swiper-wrapper swiper-image-stretch\" aria-live=\"off\">\n\t\t\t\t\t\t\t\t<div class=\"swiper-slide\" role=\"group\" aria-roledescription=\"slide\" aria-label=\"1 of 1\"><figure class=\"swiper-slide-inner\"><img decoding=\"async\" class=\"swiper-slide-image lazyload\" data-src=\"https:\/\/mamibacare.com\/wp-content\/uploads\/2023\/02\/Elle-voyage-banner2.jpg\" alt=\"Elle-voyage-banner2\" src=\"data:image\/svg+xml;base64,PHN2ZyB3aWR0aD0iMSIgaGVpZ2h0PSIxIiB4bWxucz0iaHR0cDovL3d3dy53My5vcmcvMjAwMC9zdmciPjwvc3ZnPg==\" style=\"--smush-placeholder-width: 1920px; --smush-placeholder-aspect-ratio: 1920\/728;\" \/><\/figure><\/div>\t\t\t<\/div>\n\t\t\t\t\t<\/div>\n\t\t\t\t\t\t<\/div>\n\t\t\t\t\t<\/div>\n\t\t<\/div>\n\t\t\t\t\t<\/div>\n\t\t<\/section>\n\t\t\t\t<section class=\"elementor-section elementor-top-section elementor-element elementor-element-7eb5d6c0 elementor-section-boxed elementor-section-height-default elementor-section-height-default\" data-id=\"7eb5d6c0\" data-element_type=\"section\" data-e-type=\"section\" data-settings=\"{&quot;jet_parallax_layout_list&quot;:[]}\">\n\t\t\t\t\t\t<div class=\"elementor-container elementor-column-gap-default\">\n\t\t\t\t\t<div class=\"elementor-column elementor-col-50 elementor-top-column elementor-element elementor-element-53ca66a0\" data-id=\"53ca66a0\" data-element_type=\"column\" data-e-type=\"column\">\n\t\t\t<div class=\"elementor-widget-wrap elementor-element-populated\">\n\t\t\t\t\t\t<div class=\"elementor-element elementor-element-667f913 elementor-widget elementor-widget-image\" data-id=\"667f913\" data-element_type=\"widget\" data-e-type=\"widget\" data-widget_type=\"image.default\">\n\t\t\t\t\t\t\t\t\t\t\t\t\t\t\t<img fetchpriority=\"high\" decoding=\"async\" width=\"700\" height=\"502\" src=\"https:\/\/mamibacare.com\/wp-content\/uploads\/2022\/10\/Black-and-white-woman-1.jpg\" class=\"attachment-full size-full wp-image-6652\" alt=\"\" srcset=\"https:\/\/mamibacare.com\/wp-content\/uploads\/2022\/10\/Black-and-white-woman-1.jpg 700w, https:\/\/mamibacare.com\/wp-content\/uploads\/2022\/10\/Black-and-white-woman-1-300x215.jpg 300w\" sizes=\"(max-width: 700px) 100vw, 700px\" \/>\t\t\t\t\t\t\t\t\t\t\t\t\t\t\t<\/div>\n\t\t\t\t\t<\/div>\n\t\t<\/div>\n\t\t\t\t<div class=\"elementor-column elementor-col-50 elementor-top-column elementor-element elementor-element-5b88c3fc\" data-id=\"5b88c3fc\" data-element_type=\"column\" data-e-type=\"column\">\n\t\t\t<div class=\"elementor-widget-wrap elementor-element-populated\">\n\t\t\t\t\t\t<div class=\"elementor-element elementor-element-c504460 elementor-widget elementor-widget-heading\" data-id=\"c504460\" data-element_type=\"widget\" data-e-type=\"widget\" data-widget_type=\"heading.default\">\n\t\t\t\t\t<h2 class=\"elementor-heading-title elementor-size-default\">\u00c0 PROPOS DE ELLE<\/h2>\t\t\t\t<\/div>\n\t\t\t\t<div class=\"elementor-element elementor-element-ba8cdae elementor-widget elementor-widget-text-editor\" data-id=\"ba8cdae\" data-element_type=\"widget\" data-e-type=\"widget\" data-widget_type=\"text-editor.default\">\n\t\t\t\t\t\t\t\t\t<p>ELLE est un magazine de style de vie mondial qui se concentre sur la mode, la beaut\u00e9, le bien-\u00eatre et le divertissement. ELLE est consid\u00e9r\u00e9 comme le plus grand magazine de mode au monde, avec plus de 21 millions de lecteurs, hommes et femmes confondus. Avec les magazines ELLE DECORATION et ELLE D\u00c9COR, un total de 80 \u00e9ditions internationales num\u00e9riques et imprim\u00e9es sont distribu\u00e9es dans plus de 60 pays. Elle a \u00e9t\u00e9 fond\u00e9e \u00e0 Paris en 1945 par H\u00e9l\u00e8ne Gordon-Lazareff et son mari, le journaliste Pierre Lazareff, au lendemain de la Seconde Guerre mondiale.<\/p>\t\t\t\t\t\t\t\t<\/div>\n\t\t\t\t\t<\/div>\n\t\t<\/div>\n\t\t\t\t\t<\/div>\n\t\t<\/section>\n\t\t\t\t<section class=\"elementor-section elementor-top-section elementor-element elementor-element-9b779d5 elementor-section-boxed elementor-section-height-default elementor-section-height-default\" data-id=\"9b779d5\" data-element_type=\"section\" data-e-type=\"section\" data-settings=\"{&quot;jet_parallax_layout_list&quot;:[]}\">\n\t\t\t\t\t\t<div class=\"elementor-container elementor-column-gap-default\">\n\t\t\t\t\t<div class=\"elementor-column elementor-col-100 elementor-top-column elementor-element elementor-element-2b57f6d8\" data-id=\"2b57f6d8\" data-element_type=\"column\" data-e-type=\"column\">\n\t\t\t<div class=\"elementor-widget-wrap elementor-element-populated\">\n\t\t\t\t\t\t<div class=\"elementor-element elementor-element-9d5db0f elementor-widget elementor-widget-image\" data-id=\"9d5db0f\" data-element_type=\"widget\" data-e-type=\"widget\" data-widget_type=\"image.default\">\n\t\t\t\t\t\t\t\t\t\t\t\t\t\t\t<img decoding=\"async\" data-src=\"https:\/\/mamibacare.com\/wp-content\/uploads\/elementor\/thumbs\/Magazines-ptz33whn7dkgbikpw5jpudyaw15pmdqlhawc3qgz8g.png\" title=\"Mamiba\" alt=\"Mamiba\" src=\"data:image\/svg+xml;base64,PHN2ZyB3aWR0aD0iMSIgaGVpZ2h0PSIxIiB4bWxucz0iaHR0cDovL3d3dy53My5vcmcvMjAwMC9zdmciPjwvc3ZnPg==\" class=\"lazyload\" style=\"--smush-placeholder-width: 603px; --smush-placeholder-aspect-ratio: 603\/400;\" \/>\t\t\t\t\t\t\t\t\t\t\t\t\t\t\t<\/div>\n\t\t\t\t<div class=\"elementor-element elementor-element-24d28355 elementor-widget elementor-widget-text-editor\" data-id=\"24d28355\" data-element_type=\"widget\" data-e-type=\"widget\" data-widget_type=\"text-editor.default\">\n\t\t\t\t\t\t\t\t\t<p>La fondatrice de ELLE, pionni\u00e8re en la mati\u00e8re, est revenue de New York \u00e0 Paris pour cr\u00e9er une publication unique qui s&rsquo;attaque aux nombreuses forces qui fa\u00e7onnent la vie des femmes en France en 1945. Les femmes obtiennent le droit de vote en 1944, et ELLE se lance imm\u00e9diatement dans des reportages longs, de type \u00ab\u00a0journal\u00a0\u00bb, sur le r\u00f4le des femmes dans la politique nationale et le mouvement f\u00e9ministe en pleine expansion. Les articles de ELLE pr\u00e9sentaient des cr\u00e9ateurs de mode en devenir et fournissaient des mod\u00e8les gratuits de certaines de leurs pi\u00e8ces.<\/p>\n\t\t\t\t\t\t\t\t<\/div>\n\t\t\t\t\t<\/div>\n\t\t<\/div>\n\t\t\t\t\t<\/div>\n\t\t<\/section>\n\t\t\t\t<section class=\"elementor-section elementor-top-section elementor-element elementor-element-c9ae7c2 elementor-section-boxed elementor-section-height-default elementor-section-height-default\" data-id=\"c9ae7c2\" data-element_type=\"section\" data-e-type=\"section\" data-settings=\"{&quot;jet_parallax_layout_list&quot;:[]}\">\n\t\t\t\t\t\t\t<div class=\"elementor-background-overlay\"><\/div>\n\t\t\t\t\t\t\t<div class=\"elementor-container elementor-column-gap-default\">\n\t\t\t\t\t<div class=\"elementor-column elementor-col-50 elementor-top-column elementor-element elementor-element-bcf17ec\" data-id=\"bcf17ec\" data-element_type=\"column\" data-e-type=\"column\">\n\t\t\t<div class=\"elementor-widget-wrap elementor-element-populated\">\n\t\t\t\t\t\t<div class=\"elementor-element elementor-element-715d140 elementor-pagination-position-outside elementor-widget elementor-widget-image-carousel\" data-id=\"715d140\" data-element_type=\"widget\" data-e-type=\"widget\" data-settings=\"{&quot;slides_to_show&quot;:&quot;1&quot;,&quot;navigation&quot;:&quot;dots&quot;,&quot;autoplay_speed&quot;:2000,&quot;speed&quot;:300,&quot;autoplay&quot;:&quot;yes&quot;,&quot;pause_on_hover&quot;:&quot;yes&quot;,&quot;pause_on_interaction&quot;:&quot;yes&quot;,&quot;infinite&quot;:&quot;yes&quot;,&quot;effect&quot;:&quot;slide&quot;}\" data-widget_type=\"image-carousel.default\">\n\t\t\t\t\t\t\t<div class=\"elementor-image-carousel-wrapper swiper\" role=\"region\" aria-roledescription=\"carousel\" aria-label=\"Image Carousel\" dir=\"ltr\">\n\t\t\t<div class=\"elementor-image-carousel swiper-wrapper\" aria-live=\"off\">\n\t\t\t\t\t\t\t\t<div class=\"swiper-slide\" role=\"group\" aria-roledescription=\"slide\" aria-label=\"1 of 3\"><figure class=\"swiper-slide-inner\"><img decoding=\"async\" class=\"swiper-slide-image lazyload\" data-src=\"https:\/\/mamibacare.com\/wp-content\/uploads\/2024\/11\/MAMIBA-high-res-24-7-22-GeorgeFakhry_Photography-237155464.jpg\" alt=\"MAMIBA-high-res-24-7-22-GeorgeFakhry_Photography-237155464.jpg\" src=\"data:image\/svg+xml;base64,PHN2ZyB3aWR0aD0iMSIgaGVpZ2h0PSIxIiB4bWxucz0iaHR0cDovL3d3dy53My5vcmcvMjAwMC9zdmciPjwvc3ZnPg==\" style=\"--smush-placeholder-width: 1333px; --smush-placeholder-aspect-ratio: 1333\/1333;\" \/><\/figure><\/div><div class=\"swiper-slide\" role=\"group\" aria-roledescription=\"slide\" aria-label=\"2 of 3\"><figure class=\"swiper-slide-inner\"><img decoding=\"async\" class=\"swiper-slide-image lazyload\" data-src=\"https:\/\/mamibacare.com\/wp-content\/uploads\/2024\/11\/SASKIA-20-6-23-GeorgeFakhry_Photography-5328-flatteng.jpg\" alt=\"SASKIA-20-6-23-GeorgeFakhry_Photography-5328-flatteng.jpg\" src=\"data:image\/svg+xml;base64,PHN2ZyB3aWR0aD0iMSIgaGVpZ2h0PSIxIiB4bWxucz0iaHR0cDovL3d3dy53My5vcmcvMjAwMC9zdmciPjwvc3ZnPg==\" style=\"--smush-placeholder-width: 1200px; --smush-placeholder-aspect-ratio: 1200\/1200;\" \/><\/figure><\/div><div class=\"swiper-slide\" role=\"group\" aria-roledescription=\"slide\" aria-label=\"3 of 3\"><figure class=\"swiper-slide-inner\"><img decoding=\"async\" class=\"swiper-slide-image lazyload\" data-src=\"https:\/\/mamibacare.com\/wp-content\/uploads\/2024\/11\/Elle-_-voyage-pyramidffgfg-1.jpg\" alt=\"Elle-_-voyage-pyramidffgfg-1.jpg\" src=\"data:image\/svg+xml;base64,PHN2ZyB3aWR0aD0iMSIgaGVpZ2h0PSIxIiB4bWxucz0iaHR0cDovL3d3dy53My5vcmcvMjAwMC9zdmciPjwvc3ZnPg==\" style=\"--smush-placeholder-width: 1200px; --smush-placeholder-aspect-ratio: 1200\/1200;\" \/><\/figure><\/div>\t\t\t<\/div>\n\t\t\t\t\t\t\t\n\t\t\t\t\t\t\t\t\t<div class=\"swiper-pagination\"><\/div>\n\t\t\t\t\t\t\t\t\t<\/div>\n\t\t\t\t\t\t<\/div>\n\t\t\t\t\t<\/div>\n\t\t<\/div>\n\t\t\t\t<div class=\"elementor-column elementor-col-50 elementor-top-column elementor-element elementor-element-70a4eb7\" data-id=\"70a4eb7\" data-element_type=\"column\" data-e-type=\"column\" data-settings=\"{&quot;background_background&quot;:&quot;classic&quot;}\">\n\t\t\t<div class=\"elementor-widget-wrap elementor-element-populated\">\n\t\t\t\t\t\t<div class=\"elementor-element elementor-element-f806524 elementor-widget elementor-widget-text-editor\" data-id=\"f806524\" data-element_type=\"widget\" data-e-type=\"widget\" data-widget_type=\"text-editor.default\">\n\t\t\t\t\t\t\t\t\tELLE Voyage est la premi\u00e8re collection classique d\u2019accessoires de bain par la fameuse marque ELLE, rendant hommage \u00e0 l\u2019\u00e9l\u00e9gance intemporelle des voyages \u00e0 la fran\u00e7aise. Inspir\u00e9e des motifs mariniers et con\u00e7ue \u00e0 Paris, cette gamme \u00e9voque le charme d\u00e9licat d&rsquo;une escapade au bord de mer. La fragrance, \u00e9labor\u00e9e par un nez fran\u00e7ais renomm\u00e9, appartient \u00e0 la famille olfactive Bois\u00e9 Fleuri \/ Marin. Les notes de t\u00eate, m\u00ealant la fra\u00eecheur des agrumes (bergamote, orange douce d\u2019Italie) \u00e0 un souffle oc\u00e9anique, invitent \u00e0 l&rsquo;\u00e9vasion. Au c\u0153ur du parfum, la fleur de Tiar\u00e9 apporte une touche ensoleill\u00e9e et exotique, tandis que les notes de fond, compos\u00e9es de bois de c\u00e8dre, muscs blancs et f\u00e8ve tonka, enveloppent d&rsquo;une chaleur douce et sensuelle.\t\t\t\t\t\t\t\t<\/div>\n\t\t\t\t\t<\/div>\n\t\t<\/div>\n\t\t\t\t\t<\/div>\n\t\t<\/section>\n\t\t\t\t<section class=\"elementor-section elementor-top-section elementor-element elementor-element-b33eda4 elementor-section-boxed elementor-section-height-default elementor-section-height-default\" data-id=\"b33eda4\" data-element_type=\"section\" data-e-type=\"section\" data-settings=\"{&quot;jet_parallax_layout_list&quot;:[]}\">\n\t\t\t\t\t\t<div class=\"elementor-container elementor-column-gap-default\">\n\t\t\t\t\t<div class=\"elementor-column elementor-col-100 elementor-top-column elementor-element elementor-element-73fb034\" data-id=\"73fb034\" data-element_type=\"column\" data-e-type=\"column\">\n\t\t\t<div class=\"elementor-widget-wrap elementor-element-populated\">\n\t\t\t\t\t\t<section class=\"elementor-section elementor-inner-section elementor-element elementor-element-b40764e elementor-section-boxed elementor-section-height-default elementor-section-height-default\" data-id=\"b40764e\" data-element_type=\"section\" data-e-type=\"section\" data-settings=\"{&quot;jet_parallax_layout_list&quot;:[]}\">\n\t\t\t\t\t\t<div class=\"elementor-container elementor-column-gap-default\">\n\t\t\t\t\t<div class=\"elementor-column elementor-col-100 elementor-inner-column elementor-element elementor-element-6aaae55\" data-id=\"6aaae55\" data-element_type=\"column\" data-e-type=\"column\">\n\t\t\t<div class=\"elementor-widget-wrap elementor-element-populated\">\n\t\t\t\t\t\t<div class=\"elementor-element elementor-element-46ab313 elementor-widget elementor-widget-image\" data-id=\"46ab313\" data-element_type=\"widget\" data-e-type=\"widget\" data-widget_type=\"image.default\">\n\t\t\t\t\t\t\t\t\t\t\t\t\t\t\t<img decoding=\"async\" data-src=\"https:\/\/mamibacare.comwp-content\/plugins\/elementor\/assets\/images\/placeholder.png\" title=\"\" alt=\"\" src=\"data:image\/svg+xml;base64,PHN2ZyB3aWR0aD0iMSIgaGVpZ2h0PSIxIiB4bWxucz0iaHR0cDovL3d3dy53My5vcmcvMjAwMC9zdmciPjwvc3ZnPg==\" class=\"lazyload\" \/>\t\t\t\t\t\t\t\t\t\t\t\t\t\t\t<\/div>\n\t\t\t\t\t<\/div>\n\t\t<\/div>\n\t\t\t\t\t<\/div>\n\t\t<\/section>\n\t\t\t\t<section class=\"elementor-section elementor-inner-section elementor-element elementor-element-0b0d844 elementor-section-boxed elementor-section-height-default elementor-section-height-default\" data-id=\"0b0d844\" data-element_type=\"section\" data-e-type=\"section\" data-settings=\"{&quot;jet_parallax_layout_list&quot;:[]}\">\n\t\t\t\t\t\t<div class=\"elementor-container elementor-column-gap-default\">\n\t\t\t\t\t<div class=\"elementor-column elementor-col-100 elementor-inner-column elementor-element elementor-element-d03dd13\" data-id=\"d03dd13\" data-element_type=\"column\" data-e-type=\"column\">\n\t\t\t<div class=\"elementor-widget-wrap elementor-element-populated\">\n\t\t\t\t\t\t<div class=\"elementor-element elementor-element-d312f01 elementor-widget elementor-widget-heading\" data-id=\"d312f01\" data-element_type=\"widget\" data-e-type=\"widget\" data-widget_type=\"heading.default\">\n\t\t\t\t\t<h2 class=\"elementor-heading-title elementor-size-default\">  BO\u00ceTES EN CARTON RECYCLABLES<\/h2>\t\t\t\t<\/div>\n\t\t\t\t<div class=\"elementor-element elementor-element-6c2dd6d elementor-widget elementor-widget-text-editor\" data-id=\"6c2dd6d\" data-element_type=\"widget\" data-e-type=\"widget\" data-widget_type=\"text-editor.default\">\n\t\t\t\t\t\t\t\t\t<div>Les savons de cette collection sont certifi\u00e9s RSPO, garantissant que l&rsquo;huile de palme utilis\u00e9e est sourc\u00e9e de mani\u00e8re durable, contribuant ainsi \u00e0 la protection de l&rsquo;environnement. Cette collection est disponible en tubes et en flacons de 30 ml, ainsi qu&rsquo;en flacon mural de 363 ml, tous avec un support mural invisible, et tous les emballages sont recyclables. En r\u00e9ponse \u00e0 la demande croissante des clients, MAMIBA propose d\u00e9sormais cette collection dans un coffret cadeau raffin\u00e9, exclusivement disponible \u00e0 la vente dans les h\u00f4tels qui pr\u00e9sentent la gamme en chambre, permettant ainsi aux invit\u00e9s d&#8217;emporter chez eux un souvenir de ce luxe \u00e0 la fran\u00e7aise. Chaque flacon refl\u00e8te l&rsquo;art de vivre \u00e0 la fran\u00e7aise, transformant chaque s\u00e9jour en une exp\u00e9rience inoubliable.<\/div>\t\t\t\t\t\t\t\t<\/div>\n\t\t\t\t\t<\/div>\n\t\t<\/div>\n\t\t\t\t\t<\/div>\n\t\t<\/section>\n\t\t\t\t\t<\/div>\n\t\t<\/div>\n\t\t\t\t\t<\/div>\n\t\t<\/section>\n\t\t\t\t<\/div>\n\t\t","protected":false},"excerpt":{"rendered":"<p>\u00c0 PROPOS DE ELLE ELLE est un magazine de style de vie mondial qui se concentre sur la mode, la beaut\u00e9, le bien-\u00eatre et le divertissement. ELLE est consid\u00e9r\u00e9 comme le plus grand magazine de mode au monde, avec plus de 21 millions de lecteurs, hommes et femmes confondus. Avec les magazines ELLE DECORATION et [&hellip;]<\/p>\n","protected":false},"author":10,"featured_media":0,"parent":0,"menu_order":0,"comment_status":"closed","ping_status":"closed","template":"elementor_header_footer","meta":{"_acf_changed":false,"om_disable_all_campaigns":false,"footnotes":""},"class_list":["post-9633","page","type-page","status-publish","hentry"],"acf":[],"yoast_head":"<!-- This site is optimized with the Yoast SEO plugin v27.3 - https:\/\/yoast.com\/product\/yoast-seo-wordpress\/ -->\n<title>ELLE Voyage - MAMIBA<\/title>\n<meta name=\"robots\" content=\"index, follow, max-snippet:-1, max-image-preview:large, max-video-preview:-1\" \/>\n<link rel=\"canonical\" href=\"https:\/\/mamibacare.com\/elle-voyage\/\" \/>\n<meta property=\"og:locale\" content=\"fr_FR\" \/>\n<meta property=\"og:type\" content=\"article\" \/>\n<meta property=\"og:title\" content=\"ELLE Voyage - MAMIBA\" \/>\n<meta property=\"og:description\" content=\"\u00c0 PROPOS DE ELLE ELLE est un magazine de style de vie mondial qui se concentre sur la mode, la beaut\u00e9, le bien-\u00eatre et le divertissement. ELLE est consid\u00e9r\u00e9 comme le plus grand magazine de mode au monde, avec plus de 21 millions de lecteurs, hommes et femmes confondus. Avec les magazines ELLE DECORATION et [&hellip;]\" \/>\n<meta property=\"og:url\" content=\"https:\/\/mamibacare.com\/elle-voyage\/\" \/>\n<meta property=\"og:site_name\" content=\"MAMIBA\" \/>\n<meta property=\"article:publisher\" content=\"https:\/\/www.facebook.com\/MamibaHotelSupplies\" \/>\n<meta property=\"article:modified_time\" content=\"2024-11-26T09:11:58+00:00\" \/>\n<meta property=\"og:image\" content=\"https:\/\/mamibacare.comwp-content\/uploads\/2023\/02\/Elle-voyage-banner2.jpg\" \/>\n<meta name=\"twitter:card\" content=\"summary_large_image\" \/>\n<meta name=\"twitter:label1\" content=\"Dur\u00e9e de lecture estim\u00e9e\" \/>\n\t<meta name=\"twitter:data1\" content=\"5 minutes\" \/>\n<script type=\"application\/ld+json\" class=\"yoast-schema-graph\">{\"@context\":\"https:\\\/\\\/schema.org\",\"@graph\":[{\"@type\":\"WebPage\",\"@id\":\"https:\\\/\\\/mamibacare.com\\\/elle-voyage\\\/\",\"url\":\"https:\\\/\\\/mamibacare.com\\\/elle-voyage\\\/\",\"name\":\"ELLE Voyage - MAMIBA\",\"isPartOf\":{\"@id\":\"https:\\\/\\\/mamibacare.com\\\/#website\"},\"primaryImageOfPage\":{\"@id\":\"https:\\\/\\\/mamibacare.com\\\/elle-voyage\\\/#primaryimage\"},\"image\":{\"@id\":\"https:\\\/\\\/mamibacare.com\\\/elle-voyage\\\/#primaryimage\"},\"thumbnailUrl\":\"https:\\\/\\\/mamibacare.comwp-content\\\/uploads\\\/2023\\\/02\\\/Elle-voyage-banner2.jpg\",\"datePublished\":\"2022-08-25T13:05:42+00:00\",\"dateModified\":\"2024-11-26T09:11:58+00:00\",\"breadcrumb\":{\"@id\":\"https:\\\/\\\/mamibacare.com\\\/elle-voyage\\\/#breadcrumb\"},\"inLanguage\":\"fr-FR\",\"potentialAction\":[{\"@type\":\"ReadAction\",\"target\":[\"https:\\\/\\\/mamibacare.com\\\/elle-voyage\\\/\"]}]},{\"@type\":\"ImageObject\",\"inLanguage\":\"fr-FR\",\"@id\":\"https:\\\/\\\/mamibacare.com\\\/elle-voyage\\\/#primaryimage\",\"url\":\"https:\\\/\\\/mamibacare.comwp-content\\\/uploads\\\/2023\\\/02\\\/Elle-voyage-banner2.jpg\",\"contentUrl\":\"https:\\\/\\\/mamibacare.comwp-content\\\/uploads\\\/2023\\\/02\\\/Elle-voyage-banner2.jpg\"},{\"@type\":\"BreadcrumbList\",\"@id\":\"https:\\\/\\\/mamibacare.com\\\/elle-voyage\\\/#breadcrumb\",\"itemListElement\":[{\"@type\":\"ListItem\",\"position\":1,\"name\":\"Home\",\"item\":\"https:\\\/\\\/mamibacare.com\\\/\"},{\"@type\":\"ListItem\",\"position\":2,\"name\":\"ELLE Voyage\"}]},{\"@type\":\"WebSite\",\"@id\":\"https:\\\/\\\/mamibacare.com\\\/#website\",\"url\":\"https:\\\/\\\/mamibacare.com\\\/\",\"name\":\"MAMIBA\",\"description\":\"MAMIBA is a hospitality one-stop shop We have a young and fresh approach with each one of our clients\",\"potentialAction\":[{\"@type\":\"SearchAction\",\"target\":{\"@type\":\"EntryPoint\",\"urlTemplate\":\"https:\\\/\\\/mamibacare.com\\\/?s={search_term_string}\"},\"query-input\":{\"@type\":\"PropertyValueSpecification\",\"valueRequired\":true,\"valueName\":\"search_term_string\"}}],\"inLanguage\":\"fr-FR\"}]}<\/script>\n<!-- \/ Yoast SEO plugin. -->","yoast_head_json":{"title":"ELLE Voyage - MAMIBA","robots":{"index":"index","follow":"follow","max-snippet":"max-snippet:-1","max-image-preview":"max-image-preview:large","max-video-preview":"max-video-preview:-1"},"canonical":"https:\/\/mamibacare.com\/elle-voyage\/","og_locale":"fr_FR","og_type":"article","og_title":"ELLE Voyage - MAMIBA","og_description":"\u00c0 PROPOS DE ELLE ELLE est un magazine de style de vie mondial qui se concentre sur la mode, la beaut\u00e9, le bien-\u00eatre et le divertissement. ELLE est consid\u00e9r\u00e9 comme le plus grand magazine de mode au monde, avec plus de 21 millions de lecteurs, hommes et femmes confondus. Avec les magazines ELLE DECORATION et [&hellip;]","og_url":"https:\/\/mamibacare.com\/elle-voyage\/","og_site_name":"MAMIBA","article_publisher":"https:\/\/www.facebook.com\/MamibaHotelSupplies","article_modified_time":"2024-11-26T09:11:58+00:00","og_image":[{"url":"https:\/\/mamibacare.comwp-content\/uploads\/2023\/02\/Elle-voyage-banner2.jpg","type":"","width":"","height":""}],"twitter_card":"summary_large_image","twitter_misc":{"Dur\u00e9e de lecture estim\u00e9e":"5 minutes"},"schema":{"@context":"https:\/\/schema.org","@graph":[{"@type":"WebPage","@id":"https:\/\/mamibacare.com\/elle-voyage\/","url":"https:\/\/mamibacare.com\/elle-voyage\/","name":"ELLE Voyage - MAMIBA","isPartOf":{"@id":"https:\/\/mamibacare.com\/#website"},"primaryImageOfPage":{"@id":"https:\/\/mamibacare.com\/elle-voyage\/#primaryimage"},"image":{"@id":"https:\/\/mamibacare.com\/elle-voyage\/#primaryimage"},"thumbnailUrl":"https:\/\/mamibacare.comwp-content\/uploads\/2023\/02\/Elle-voyage-banner2.jpg","datePublished":"2022-08-25T13:05:42+00:00","dateModified":"2024-11-26T09:11:58+00:00","breadcrumb":{"@id":"https:\/\/mamibacare.com\/elle-voyage\/#breadcrumb"},"inLanguage":"fr-FR","potentialAction":[{"@type":"ReadAction","target":["https:\/\/mamibacare.com\/elle-voyage\/"]}]},{"@type":"ImageObject","inLanguage":"fr-FR","@id":"https:\/\/mamibacare.com\/elle-voyage\/#primaryimage","url":"https:\/\/mamibacare.comwp-content\/uploads\/2023\/02\/Elle-voyage-banner2.jpg","contentUrl":"https:\/\/mamibacare.comwp-content\/uploads\/2023\/02\/Elle-voyage-banner2.jpg"},{"@type":"BreadcrumbList","@id":"https:\/\/mamibacare.com\/elle-voyage\/#breadcrumb","itemListElement":[{"@type":"ListItem","position":1,"name":"Home","item":"https:\/\/mamibacare.com\/"},{"@type":"ListItem","position":2,"name":"ELLE Voyage"}]},{"@type":"WebSite","@id":"https:\/\/mamibacare.com\/#website","url":"https:\/\/mamibacare.com\/","name":"MAMIBA","description":"MAMIBA is a hospitality one-stop shop We have a young and fresh approach with each one of our clients","potentialAction":[{"@type":"SearchAction","target":{"@type":"EntryPoint","urlTemplate":"https:\/\/mamibacare.com\/?s={search_term_string}"},"query-input":{"@type":"PropertyValueSpecification","valueRequired":true,"valueName":"search_term_string"}}],"inLanguage":"fr-FR"}]}},"_links":{"self":[{"href":"https:\/\/mamibacare.com\/fr\/wp-json\/wp\/v2\/pages\/9633","targetHints":{"allow":["GET"]}}],"collection":[{"href":"https:\/\/mamibacare.com\/fr\/wp-json\/wp\/v2\/pages"}],"about":[{"href":"https:\/\/mamibacare.com\/fr\/wp-json\/wp\/v2\/types\/page"}],"author":[{"embeddable":true,"href":"https:\/\/mamibacare.com\/fr\/wp-json\/wp\/v2\/users\/10"}],"replies":[{"embeddable":true,"href":"https:\/\/mamibacare.com\/fr\/wp-json\/wp\/v2\/comments?post=9633"}],"version-history":[{"count":6,"href":"https:\/\/mamibacare.com\/fr\/wp-json\/wp\/v2\/pages\/9633\/revisions"}],"predecessor-version":[{"id":22633,"href":"https:\/\/mamibacare.com\/fr\/wp-json\/wp\/v2\/pages\/9633\/revisions\/22633"}],"wp:attachment":[{"href":"https:\/\/mamibacare.com\/fr\/wp-json\/wp\/v2\/media?parent=9633"}],"curies":[{"name":"wp","href":"https:\/\/api.w.org\/{rel}","templated":true}]}}